{"id":10,"date":"2017-10-15T10:10:37","date_gmt":"2017-10-15T10:10:37","guid":{"rendered":"http:\/\/novaweb.casaruralcanpobric.com\/?page_id=10"},"modified":"2017-11-14T09:00:57","modified_gmt":"2017-11-14T09:00:57","slug":"contacte","status":"publish","type":"page","link":"http:\/\/novaweb.casaruralcanpobric.com\/?page_id=10","title":{"rendered":"Contacte"},"content":{"rendered":"<p><span style=\"font-family: Book Antiqua,Palatino; font-size: 18pt;\">Per contactar amb nosaltres, feu servir el seg\u00fcent formulari.<\/span><\/p>\n<div class=\"wpcf7 no-js\" id=\"wpcf7-f112-o1\" lang=\"es-ES\" dir=\"ltr\">\n<div class=\"screen-reader-response\"><p role=\"status\" aria-live=\"polite\" aria-atomic=\"true\"><\/p> <ul><\/ul><\/div>\n<form action=\"\/index.php?rest_route=%2Fwp%2Fv2%2Fpages%2F10#wpcf7-f112-o1\" method=\"post\" class=\"wpcf7-form init\" aria-label=\"Formulario de contacto\" novalidate=\"novalidate\" data-status=\"init\">\n<div style=\"display: none;\">\n<input type=\"hidden\" name=\"_wpcf7\" value=\"112\" \/>\n<input type=\"hidden\" name=\"_wpcf7_version\" value=\"5.7.2\" \/>\n<input type=\"hidden\" name=\"_wpcf7_locale\" value=\"es_ES\" \/>\n<input type=\"hidden\" name=\"_wpcf7_unit_tag\" value=\"wpcf7-f112-o1\" \/>\n<input type=\"hidden\" name=\"_wpcf7_container_post\" value=\"0\" \/>\n<input type=\"hidden\" name=\"_wpcf7_posted_data_hash\" value=\"\" \/>\n<\/div>\n<p><label> Nom:<br \/>\n<span class=\"wpcf7-form-control-wrap\" data-name=\"your-name\"><input size=\"40\" class=\"wpcf7-form-control wpcf7-text wpcf7-validates-as-required\" aria-required=\"true\" aria-invalid=\"false\" value=\"\" type=\"text\" name=\"your-name\" \/><\/span> <\/label>\n<\/p>\n<p><label> Correu electr\u00f2nic:<br \/>\n<span class=\"wpcf7-form-control-wrap\" data-name=\"your-email\"><input size=\"40\" class=\"wpcf7-form-control wpcf7-text wpcf7-email wpcf7-validates-as-required wpcf7-validates-as-email\" aria-required=\"true\" aria-invalid=\"false\" value=\"\" type=\"email\" name=\"your-email\" \/><\/span> <\/label>\n<\/p>\n<p><label> Tel\u00e8fon:<br \/>\n<span class=\"wpcf7-form-control-wrap\" data-name=\"your-telefon\"><input size=\"40\" class=\"wpcf7-form-control wpcf7-text\" aria-invalid=\"false\" value=\"\" type=\"text\" name=\"your-telefon\" \/><\/span> <\/label>\n<\/p>\n<p><label> Asumpte:<br \/>\n<span class=\"wpcf7-form-control-wrap\" data-name=\"your-subject\"><input size=\"40\" class=\"wpcf7-form-control wpcf7-text\" aria-invalid=\"false\" value=\"\" type=\"text\" name=\"your-subject\" \/><\/span> <\/label>\n<\/p>\n<p><label> Missatge:<br \/>\n<span class=\"wpcf7-form-control-wrap\" data-name=\"your-message\"><textarea cols=\"40\" rows=\"10\" class=\"wpcf7-form-control wpcf7-textarea\" aria-invalid=\"false\" name=\"your-message\"><\/textarea><\/span> <\/label>\n<\/p>\n<p>Protecci\u00f3 de Dades\n<\/p>\n<p>En compliment de la Llei Org\u00e0nica 15\/1999 de protecci\u00f3 de dades de car\u00e0cter personal, de 13 de Desembre, Lurdes Palou Mir l\u2019informa que les seves dades personals s\u2019inclouran en fitxers informatitzats titularitat de Lurdes Palou Mir, que ser\u00e0 l\u2019\u00fanic destinatari d\u2019aquestes dades. La seva finalitat exclusiva \u00e9s la gesti\u00f3 de clients i accions promocionals i t\u00e9 la possibilitat d\u2019exercir els drets d\u2019acc\u00e9s, rectificaci\u00f3, cancel\u00b7laci\u00f3 i oposici\u00f3 previstos a la llei mitjan\u00e7ant una carta o email adre\u00e7ats a Lurdes Palou mir (dades de contacte a peu de p\u00e0gina).\n<\/p>\n<p><input class=\"wpcf7-form-control has-spinner wpcf7-submit\" type=\"submit\" value=\"Enviar\" \/>\n<\/p><div class=\"wpcf7-response-output\" aria-hidden=\"true\"><\/div><\/form><\/div>\n","protected":false},"excerpt":{"rendered":"<p>Per contactar amb nosaltres, feu servir el seg\u00fcent formulari.<\/p>\n","protected":false},"author":1,"featured_media":0,"parent":0,"menu_order":0,"comment_status":"closed","ping_status":"closed","template":"template-full-width.php","meta":{"ngg_post_thumbnail":0},"acf":[],"_links":{"self":[{"href":"http:\/\/novaweb.casaruralcanpobric.com\/index.php?rest_route=\/wp\/v2\/pages\/10"}],"collection":[{"href":"http:\/\/novaweb.casaruralcanpobric.com\/index.php?rest_route=\/wp\/v2\/pages"}],"about":[{"href":"http:\/\/novaweb.casaruralcanpobric.com\/index.php?rest_route=\/wp\/v2\/types\/page"}],"author":[{"embeddable":true,"href":"http:\/\/novaweb.casaruralcanpobric.com\/index.php?rest_route=\/wp\/v2\/users\/1"}],"replies":[{"embeddable":true,"href":"http:\/\/novaweb.casaruralcanpobric.com\/index.php?rest_route=%2Fwp%2Fv2%2Fcomments&post=10"}],"version-history":[{"count":7,"href":"http:\/\/novaweb.casaruralcanpobric.com\/index.php?rest_route=\/wp\/v2\/pages\/10\/revisions"}],"predecessor-version":[{"id":800,"href":"http:\/\/novaweb.casaruralcanpobric.com\/index.php?rest_route=\/wp\/v2\/pages\/10\/revisions\/800"}],"wp:attachment":[{"href":"http:\/\/novaweb.casaruralcanpobric.com\/index.php?rest_route=%2Fwp%2Fv2%2Fmedia&parent=10"}],"curies":[{"name":"wp","href":"https:\/\/api.w.org\/{rel}","templated":true}]}}