{"id":5,"date":"2017-10-15T10:10:37","date_gmt":"2017-10-15T10:10:37","guid":{"rendered":"http:\/\/novaweb.casaruralcanpobric.com\/?page_id=5"},"modified":"2018-06-20T08:14:39","modified_gmt":"2018-06-20T08:14:39","slug":"la-casa","status":"publish","type":"page","link":"http:\/\/novaweb.casaruralcanpobric.com\/?page_id=5","title":{"rendered":"La casa"},"content":{"rendered":"<p style=\"text-align: center;\"><span style=\"font-size: 24pt;\"><strong><span style=\"font-family: titols; color: #800000;\">Interior<\/span><\/strong><\/span><\/p>\n<p>&nbsp;<\/p>\n<p><span style=\"font-family: 'Book Antiqua', Palatino; font-size: 18pt;\">La casa rural t\u00e9 una superf\u00edcie habitable de 390 m\u00b2, re<\/span><span style=\"font-family: 'Book Antiqua', Palatino; font-size: 18pt;\">partits en 3 plantes. La casa inicialment t\u00e9 15 llits per\u00f2<\/span><\/p>\n<p><span style=\"font-family: 'Book Antiqua', Palatino; font-size: 18pt;\"> es <\/span><span style=\"font-family: 'Book Antiqua', Palatino; font-size: 18pt;\">pot augm<\/span><span style=\"font-family: 'Book Antiqua', Palatino; font-size: 18pt;\">entar fins a un total de 22 llits. Consultar en el cas de grups m\u00e9s grans.<br \/>\n<\/span><\/p>\n<p>&nbsp;<\/p>\n<p style=\"padding-left: 30px;\"><span style=\"font-size: 18pt;\"><strong><span style=\"font-family: 'Book Antiqua', Palatino;\">Planta baixa<\/span><\/strong><\/span><\/p>\n<ul>\n<li><span style=\"font-family: 'Book Antiqua', Palatino; font-size: 18pt;\">Gran entrada:&nbsp;<\/span><span style=\"font-family: 'Book Antiqua', Palatino; font-size: 18pt;\">equipada amb una taula, cadires i una&nbsp;<\/span><span style=\"font-family: 'Book Antiqua', Palatino; font-size: 18pt;\">barra de bar.<\/span><\/li>\n<li><span style=\"font-family: 'Book Antiqua', Palatino; font-size: 18pt;\">Sala: t\u00e9 televisi\u00f3, llar de foc i sof\u00e0.<\/span><\/li>\n<li><span style=\"font-family: 'Book Antiqua', Palatino; font-size: 18pt;\">Menjador: gran amb una taula central, ideal per fer \u00e0pats amb moltes persones.<\/span><\/li>\n<li><span style=\"font-family: 'Book Antiqua', Palatino; font-size: 18pt;\">Dues cuines: totalment equipades i amb tots els elements necessaris.<\/span><\/li>\n<li><span style=\"font-family: 'Book Antiqua', Palatino; font-size: 18pt;\">Dos banys complerts.<br \/>\n<\/span><\/li>\n<li><span style=\"font-family: 'Book Antiqua', Palatino; font-size: 18pt;\">Una habitaci\u00f3.<\/span><\/li>\n<\/ul>\n<p>&nbsp;<\/p>\n<p style=\"padding-left: 30px;\"><span style=\"font-size: 18pt;\"><strong><span style=\"font-family: 'Book Antiqua', Palatino;\">Primera planta<\/span><\/strong><\/span><\/p>\n<ul>\n<li><span style=\"font-family: 'Book Antiqua', Palatino; font-size: 18pt;\">Sala: t\u00e9&nbsp;<\/span><span style=\"font-family: 'Book Antiqua', Palatino; font-size: 18pt;\">televisi\u00f3, sof\u00e0 i billar.<\/span><\/li>\n<li><span style=\"font-family: 'Book Antiqua', Palatino; font-size: 18pt;\">Cinc habitacions: dues s\u00f3n de matrimoni i les altres estan equipades amb llits individuals.<\/span><\/li>\n<li><span style=\"font-family: 'Book Antiqua', Palatino; font-size: 18pt;\">Dos banys.<\/span><\/li>\n<\/ul>\n<p>&nbsp;<\/p>\n<p style=\"padding-left: 30px; text-align: left;\"><span style=\"font-size: 18pt;\"><strong><span style=\"font-family: 'Book Antiqua', Palatino;\">Segona planta&nbsp;&nbsp;&nbsp;&nbsp;&nbsp;&nbsp;&nbsp;&nbsp;&nbsp;&nbsp;&nbsp;&nbsp;&nbsp;&nbsp;&nbsp;&nbsp;&nbsp;&nbsp;&nbsp;&nbsp;&nbsp;&nbsp;&nbsp;&nbsp;&nbsp;&nbsp;&nbsp;&nbsp;&nbsp;&nbsp;&nbsp;&nbsp;&nbsp;&nbsp;&nbsp;&nbsp;&nbsp;&nbsp;&nbsp;&nbsp;&nbsp;&nbsp;&nbsp;&nbsp; &nbsp; &nbsp; &nbsp; &nbsp; &nbsp; &nbsp; &nbsp; &nbsp; &nbsp; &nbsp; &nbsp; &nbsp; &nbsp; &nbsp; &nbsp; &nbsp; &nbsp; &nbsp; &nbsp; &nbsp; &nbsp; &nbsp; &nbsp; &nbsp; &nbsp; &nbsp; &nbsp; &nbsp; &nbsp; &nbsp; &nbsp; &nbsp; &nbsp; &nbsp; &nbsp; &nbsp;&nbsp; <\/span><\/strong><\/span><\/p>\n<ul>\n<li><span style=\"font-family: 'Book Antiqua', Palatino; font-size: 18pt;\">Una habitaci\u00f3.<\/span><\/li>\n<li><span style=\"font-family: 'Book Antiqua', Palatino; font-size: 18pt;\">Un bany.<\/span><\/li>\n<\/ul>\n<p style=\"text-align: center;\"><style type=\"text\/css\">.easingslider-783 { width: 100%; }.easingslider-783 .easingslider-image { max-height: 400px; max-width: 640px; }.easingslider-783 .easingslider-fade-in, .easingslider-fade-out { -webkit-animation-duration: 400ms; -moz-animation-duration: 400ms; animation-duration: 400ms; }<\/style><script type=\"text\/javascript\">window.EasingSlider783 = {\"width\":640,\"height\":400,\"singleItem\":true,\"items\":1,\"itemsDesktop\":false,\"itemsDesktopSmall\":false,\"itemsTablet\":false,\"itemsTabletSmall\":false,\"itemsMobile\":false,\"responsive\":true,\"lazyLoad\":true,\"autoPlay\":4000,\"slideSpeed\":400,\"navigation\":true,\"navigationText\":[\"\",\"\"],\"pagination\":true,\"autoHeight\":false,\"mouseDrag\":false,\"touchDrag\":false,\"addClassActive\":true,\"transitionStyle\":\"fade\"};<\/script><div data-id=\"783\" class=\"easingslider easingslider-783 easingslider-container easingslider-full-width easingslider-resizing-enabled easingslider-aspect-ratio easingslider-arrows-inside easingslider-pagination-inside easingslider-pagination-bottom-center\"><div class=\"easingslider-slide\"><img src=\"http:\/\/novaweb.casaruralcanpobric.com\/wp-content\/plugins\/easing-slider\/assets\/images\/placeholder-pixel.png\" data-src=\"http:\/\/novaweb.casaruralcanpobric.com\/wp-content\/uploads\/2017\/10\/canpobric-21.2.12-001-1-640x400.jpg\" alt=\"\" title=\"\" class=\"easingslider-image easingslider-lazy\" \/><\/div><div class=\"easingslider-slide\"><img src=\"http:\/\/novaweb.casaruralcanpobric.com\/wp-content\/plugins\/easing-slider\/assets\/images\/placeholder-pixel.png\" data-src=\"http:\/\/novaweb.casaruralcanpobric.com\/wp-content\/uploads\/2017\/10\/big_26020876-1-640x400.jpg\" alt=\"\" title=\"\" class=\"easingslider-image easingslider-lazy\" \/><\/div><div class=\"easingslider-slide\"><img src=\"http:\/\/novaweb.casaruralcanpobric.com\/wp-content\/plugins\/easing-slider\/assets\/images\/placeholder-pixel.png\" data-src=\"http:\/\/novaweb.casaruralcanpobric.com\/wp-content\/uploads\/2017\/10\/big_26079966-1-640x400.jpg\" alt=\"\" title=\"\" class=\"easingslider-image easingslider-lazy\" \/><\/div><div class=\"easingslider-slide\"><img src=\"http:\/\/novaweb.casaruralcanpobric.com\/wp-content\/plugins\/easing-slider\/assets\/images\/placeholder-pixel.png\" data-src=\"http:\/\/novaweb.casaruralcanpobric.com\/wp-content\/uploads\/2017\/10\/DSC_0544-640x400.jpg\" alt=\"\" title=\"\" class=\"easingslider-image easingslider-lazy\" \/><\/div><div class=\"easingslider-slide\"><img src=\"http:\/\/novaweb.casaruralcanpobric.com\/wp-content\/plugins\/easing-slider\/assets\/images\/placeholder-pixel.png\" data-src=\"http:\/\/novaweb.casaruralcanpobric.com\/wp-content\/uploads\/2017\/10\/DSC_0356-640x400.jpg\" alt=\"\" title=\"\" class=\"easingslider-image easingslider-lazy\" \/><\/div><div class=\"easingslider-slide\"><img src=\"http:\/\/novaweb.casaruralcanpobric.com\/wp-content\/plugins\/easing-slider\/assets\/images\/placeholder-pixel.png\" data-src=\"http:\/\/novaweb.casaruralcanpobric.com\/wp-content\/uploads\/2017\/10\/DSC_0370-640x400.jpg\" alt=\"\" title=\"\" class=\"easingslider-image easingslider-lazy\" \/><\/div><div class=\"easingslider-slide\"><img src=\"http:\/\/novaweb.casaruralcanpobric.com\/wp-content\/plugins\/easing-slider\/assets\/images\/placeholder-pixel.png\" data-src=\"http:\/\/novaweb.casaruralcanpobric.com\/wp-content\/uploads\/2017\/10\/DSC_0268-640x400.jpg\" alt=\"\" title=\"\" class=\"easingslider-image easingslider-lazy\" \/><\/div><div class=\"easingslider-slide\"><img src=\"http:\/\/novaweb.casaruralcanpobric.com\/wp-content\/plugins\/easing-slider\/assets\/images\/placeholder-pixel.png\" data-src=\"http:\/\/novaweb.casaruralcanpobric.com\/wp-content\/uploads\/2017\/10\/DSC_0253-640x400.jpg\" alt=\"\" title=\"\" class=\"easingslider-image easingslider-lazy\" \/><\/div><div class=\"easingslider-slide\"><img src=\"http:\/\/novaweb.casaruralcanpobric.com\/wp-content\/plugins\/easing-slider\/assets\/images\/placeholder-pixel.png\" data-src=\"http:\/\/novaweb.casaruralcanpobric.com\/wp-content\/uploads\/2017\/10\/DSC_0198-640x400.jpg\" alt=\"\" title=\"\" class=\"easingslider-image easingslider-lazy\" \/><\/div><\/div><\/p>\n<p>&nbsp;<\/p>\n<p style=\"text-align: center;\"><span style=\"font-size: 24pt;\"><strong><span style=\"font-family: titols; color: #800000;\">Exterior<\/span><\/strong><\/span><\/p>\n<p><span style=\"font-family: 'Book Antiqua', Palatino; font-size: 18pt;\">La casa disposa&nbsp;<\/span><span style=\"font-family: 'Book Antiqua', Palatino; font-size: 18pt;\">d\u2019una gran zona d\u2019esbarjo en la qual s\u2019hi troba un camp de futbol, pista de voleibol, pista de <\/span><\/p>\n<p><span style=\"font-family: 'Book Antiqua', Palatino; font-size: 18pt;\">basquet,<\/span><span style=\"font-family: 'Book Antiqua', Palatino; font-size: 18pt;\"> un llit el\u00e0stic, tirolina, <\/span><span style=\"font-family: 'Book Antiqua', Palatino; font-size: 18pt;\">zona <\/span><span style=\"font-family: 'Book Antiqua', Palatino; font-size: 18pt;\">de petanca, <\/span><span style=\"font-family: 'Book Antiqua', Palatino; font-size: 18pt;\"> una zona per nens( amb gronxadors, tobogans i casetes per <\/span><\/p>\n<p><span style=\"font-family: 'Book Antiqua', Palatino; font-size: 18pt;\">poder-hi jugar).<\/span><\/p>\n<p>&nbsp;<\/p>\n<p><span style=\"font-family: 'Book Antiqua', Palatino; font-size: 18pt;\">A la part frontal de la casa hi ha una gran zona d&#8217;aparcament per a vehicles. Tamb\u00e9 hi ha la piscina d&#8217;aigua <\/span><\/p>\n<p><span style=\"font-family: 'Book Antiqua', Palatino; font-size: 18pt;\">salada protegida amb una tanca i un menjador exterior totalment equipat amb taules, cadires, futbol\u00ed gratu\u00eft<\/span><\/p>\n<p><span style=\"font-family: 'Book Antiqua', Palatino; font-size: 18pt;\"> i una gran barbacoa. <\/span><\/p>\n<p>&nbsp;<\/p>\n<p><span style=\"font-family: 'Book Antiqua', Palatino; font-size: 18pt;\"> La casa disposa de pistes de tennis a cinc minuts de la casa i servei de jacuzzi. Parada de bus a 900 m.<br \/>\n<\/span><\/p>\n<p style=\"text-align: center;\">&nbsp;<\/p>\n<p style=\"text-align: center;\"><style type=\"text\/css\">.easingslider-639 { width: 100%; }.easingslider-639 .easingslider-image { max-height: 400px; max-width: 550px; }.easingslider-639 .easingslider-fade-in, .easingslider-fade-out { -webkit-animation-duration: 600ms; -moz-animation-duration: 600ms; animation-duration: 600ms; }<\/style><script type=\"text\/javascript\">window.EasingSlider639 = {\"width\":550,\"height\":400,\"singleItem\":true,\"items\":1,\"itemsDesktop\":false,\"itemsDesktopSmall\":false,\"itemsTablet\":false,\"itemsTabletSmall\":false,\"itemsMobile\":false,\"responsive\":true,\"lazyLoad\":true,\"autoPlay\":4000,\"slideSpeed\":600,\"navigation\":true,\"navigationText\":[\"\",\"\"],\"pagination\":true,\"autoHeight\":false,\"mouseDrag\":false,\"touchDrag\":false,\"addClassActive\":true,\"transitionStyle\":\"fade\"};<\/script><div data-id=\"639\" class=\"easingslider easingslider-639 easingslider-container easingslider-full-width easingslider-resizing-enabled easingslider-aspect-ratio easingslider-arrows-inside easingslider-pagination-inside easingslider-pagination-bottom-center\"><div class=\"easingslider-slide\"><img src=\"http:\/\/novaweb.casaruralcanpobric.com\/wp-content\/plugins\/easing-slider\/assets\/images\/placeholder-pixel.png\" data-src=\"http:\/\/novaweb.casaruralcanpobric.com\/wp-content\/uploads\/2017\/10\/856246_614938371856975_1978039131_o-1-550x400.jpg\" alt=\"\" title=\"\" class=\"easingslider-image easingslider-lazy\" \/><\/div><div class=\"easingslider-slide\"><img src=\"http:\/\/novaweb.casaruralcanpobric.com\/wp-content\/plugins\/easing-slider\/assets\/images\/placeholder-pixel.png\" data-src=\"http:\/\/novaweb.casaruralcanpobric.com\/wp-content\/uploads\/2017\/10\/820753_614933591857453_1890068705_o-1-550x400.jpg\" alt=\"\" title=\"\" class=\"easingslider-image easingslider-lazy\" \/><\/div><div class=\"easingslider-slide\"><img src=\"http:\/\/novaweb.casaruralcanpobric.com\/wp-content\/plugins\/easing-slider\/assets\/images\/placeholder-pixel.png\" data-src=\"http:\/\/novaweb.casaruralcanpobric.com\/wp-content\/uploads\/2017\/10\/big_42566201-550x400.jpg\" alt=\"\" title=\"\" class=\"easingslider-image easingslider-lazy\" \/><\/div><div class=\"easingslider-slide\"><img src=\"http:\/\/novaweb.casaruralcanpobric.com\/wp-content\/plugins\/easing-slider\/assets\/images\/placeholder-pixel.png\" data-src=\"http:\/\/novaweb.casaruralcanpobric.com\/wp-content\/uploads\/2017\/10\/big_33602124-550x400.jpg\" alt=\"\" title=\"\" class=\"easingslider-image easingslider-lazy\" \/><\/div><div class=\"easingslider-slide\"><img src=\"http:\/\/novaweb.casaruralcanpobric.com\/wp-content\/plugins\/easing-slider\/assets\/images\/placeholder-pixel.png\" data-src=\"http:\/\/novaweb.casaruralcanpobric.com\/wp-content\/uploads\/2017\/10\/big_24344152-550x400.jpg\" alt=\"\" title=\"\" class=\"easingslider-image easingslider-lazy\" \/><\/div><div class=\"easingslider-slide\"><img src=\"http:\/\/novaweb.casaruralcanpobric.com\/wp-content\/plugins\/easing-slider\/assets\/images\/placeholder-pixel.png\" data-src=\"http:\/\/novaweb.casaruralcanpobric.com\/wp-content\/uploads\/2017\/10\/DSC_0618-2-550x400.jpg\" alt=\"\" title=\"\" class=\"easingslider-image easingslider-lazy\" \/><\/div><div class=\"easingslider-slide\"><img src=\"http:\/\/novaweb.casaruralcanpobric.com\/wp-content\/plugins\/easing-slider\/assets\/images\/placeholder-pixel.png\" data-src=\"http:\/\/novaweb.casaruralcanpobric.com\/wp-content\/uploads\/2017\/10\/DSC06920-550x400.jpg\" alt=\"\" title=\"\" class=\"easingslider-image easingslider-lazy\" \/><\/div><\/div><\/p>\n<p>&nbsp;<\/p>\n","protected":false},"excerpt":{"rendered":"<p>Interior &nbsp; La casa rural t\u00e9 una superf\u00edcie habitable de 390 m\u00b2, repartits en 3 plantes. La casa inicialment t\u00e9 15 llits per\u00f2 es pot augmentar fins a un total de 22 llits. Consultar en el cas de grups m\u00e9s&#8230;<br \/><a class=\"read-more-button\" href=\"http:\/\/novaweb.casaruralcanpobric.com\/?page_id=5\">Read more<\/a><\/p>\n","protected":false},"author":1,"featured_media":0,"parent":0,"menu_order":0,"comment_status":"closed","ping_status":"closed","template":"template-full-width.php","meta":{"ngg_post_thumbnail":0},"acf":[],"_links":{"self":[{"href":"http:\/\/novaweb.casaruralcanpobric.com\/index.php?rest_route=\/wp\/v2\/pages\/5"}],"collection":[{"href":"http:\/\/novaweb.casaruralcanpobric.com\/index.php?rest_route=\/wp\/v2\/pages"}],"about":[{"href":"http:\/\/novaweb.casaruralcanpobric.com\/index.php?rest_route=\/wp\/v2\/types\/page"}],"author":[{"embeddable":true,"href":"http:\/\/novaweb.casaruralcanpobric.com\/index.php?rest_route=\/wp\/v2\/users\/1"}],"replies":[{"embeddable":true,"href":"http:\/\/novaweb.casaruralcanpobric.com\/index.php?rest_route=%2Fwp%2Fv2%2Fcomments&post=5"}],"version-history":[{"count":29,"href":"http:\/\/novaweb.casaruralcanpobric.com\/index.php?rest_route=\/wp\/v2\/pages\/5\/revisions"}],"predecessor-version":[{"id":1144,"href":"http:\/\/novaweb.casaruralcanpobric.com\/index.php?rest_route=\/wp\/v2\/pages\/5\/revisions\/1144"}],"wp:attachment":[{"href":"http:\/\/novaweb.casaruralcanpobric.com\/index.php?rest_route=%2Fwp%2Fv2%2Fmedia&parent=5"}],"curies":[{"name":"wp","href":"https:\/\/api.w.org\/{rel}","templated":true}]}}