{"id":812,"date":"2017-11-14T10:09:05","date_gmt":"2017-11-14T10:09:05","guid":{"rendered":"http:\/\/novaweb.casaruralcanpobric.com\/?page_id=812"},"modified":"2018-06-20T08:13:42","modified_gmt":"2018-06-20T08:13:42","slug":"inicio-2","status":"publish","type":"page","link":"http:\/\/novaweb.casaruralcanpobric.com\/?lang=es","title":{"rendered":"Inicio"},"content":{"rendered":"<p style=\"padding-left: 30px; text-align: left;\"><span style=\"font-family: Book Antiqua,Palatino; font-size: 18pt;\"><img decoding=\"async\" loading=\"lazy\" class=\"alignright wp-image-750 \" src=\"http:\/\/novaweb.casaruralcanpobric.com\/wp-content\/uploads\/2017\/10\/PRINCIPAL-1-min-136x300.png\" alt=\"\" width=\"315\" height=\"695\" srcset=\"http:\/\/novaweb.casaruralcanpobric.com\/wp-content\/uploads\/2017\/10\/PRINCIPAL-1-min-136x300.png 136w, http:\/\/novaweb.casaruralcanpobric.com\/wp-content\/uploads\/2017\/10\/PRINCIPAL-1-min-768x1697.png 768w, http:\/\/novaweb.casaruralcanpobric.com\/wp-content\/uploads\/2017\/10\/PRINCIPAL-1-min-1170x2586.png 1170w\" sizes=\"(max-width: 315px) 100vw, 315px\" \/><\/span><\/p>\n<p style=\"padding-left: 30px;\"><span style=\"font-family: Book Antiqua,Palatino; font-size: 18pt;\">Can Pobric es una mas\u00eda r\u00fastica situada en el pueblo de Ma\u00e7anet<\/span><\/p>\n<p style=\"padding-left: 30px;\"><span style=\"font-family: Book Antiqua,Palatino; font-size: 18pt;\">de la Selva, en un paraje natural, toda envuelta de bosques. &nbsp;La&nbsp;<\/span><\/p>\n<p style=\"padding-left: 30px;\"><span style=\"font-family: Book Antiqua,Palatino; font-size: 18pt;\"> casa fue construida en 1850 y fue totalmente restaurada, con <\/span><\/p>\n<p style=\"padding-left: 30px;\"><span style=\"font-family: Book Antiqua,Palatino; font-size: 18pt;\">todas las comodidades, en&nbsp;2011.<\/span><\/p>\n<p>&nbsp;<\/p>\n<p style=\"padding-left: 30px;\"><span style=\"font-family: Book Antiqua,Palatino; font-size: 18pt;\">Su situaci\u00f3n es ideal para disfrutar de una estancia en medio <\/span><\/p>\n<p style=\"padding-left: 30px;\"><span style=\"font-family: Book Antiqua,Palatino; font-size: 18pt;\">de la natura y vegetaci\u00f3n.&nbsp; Se encuentra a solamente 25 minutos<\/span><\/p>\n<p style=\"padding-left: 30px;\"><span style=\"font-family: Book Antiqua,Palatino; font-size: 18pt;\"> de Girona, a 45 minutos de Barcelona y a s\u00f3lo 20 minutos de las <\/span><\/p>\n<p style=\"padding-left: 30px;\"><span style=\"font-family: Book Antiqua,Palatino; font-size: 18pt;\">playas de la Costa Brava. <\/span><\/p>\n<p>&nbsp;<\/p>\n<p style=\"padding-left: 30px;\"><span style=\"font-family: Book Antiqua,Palatino; font-size: 18pt;\">Ven y disfruta de la privacidad de la mas\u00eda al estar rodeada <\/span><\/p>\n<p style=\"padding-left: 30px;\"><span style=\"font-family: Book Antiqua,Palatino; font-size: 18pt;\">por bosques. Conoce los animales que hay en la casa como las<\/span><\/p>\n<p style=\"padding-left: 30px;\"><span style=\"font-family: Book Antiqua,Palatino; font-size: 18pt;\"> cabras, patos y ovejas. Olv\u00eddate del estr\u00e9s diario y disfruta del<\/span><\/p>\n<p style=\"padding-left: 30px;\"><span style=\"font-family: Book Antiqua,Palatino; font-size: 18pt;\">entorno natural. Rel\u00e1jate en la piscina de agua salada y aprovecha<\/span><\/p>\n<p style=\"padding-left: 30px;\"><span style=\"font-family: Book Antiqua,Palatino; font-size: 18pt;\"> los beneficios que aporta la salinizaci\u00f3n. La casa dispone de wifi en<\/span><\/p>\n<p style=\"padding-left: 30px;\"><span style=\"font-size: 18pt; font-family: 'Book Antiqua', Palatino;\">la parte interior como en la parte exterior.<\/span><\/p>\n<p>&nbsp;<\/p>\n<hr>\n<h1 style=\"text-align: center;\"><span style=\"font-family: titols; font-size: 36pt; color: #800000;\">Can Pobric-Tr<\/span><span style=\"color: #800000;\"><span style=\"font-family: titols; font-size: 36pt;\">a<\/span><span style=\"font-family: titols; font-size: 36pt;\">nq<\/span><\/span><span style=\"font-family: titols; font-size: 36pt; color: #800000;\">uilidad en medio de la naturaleza<br \/>\n<\/span><\/h1>\n<p>&nbsp;<\/p>\n<p>&nbsp; <a href=\"http:\/\/novaweb.casaruralcanpobric.com\/?page_id=814&amp;lang=es\"><img decoding=\"async\" loading=\"lazy\" class=\"alignleft wp-image-733\" src=\"http:\/\/novaweb.casaruralcanpobric.com\/wp-content\/uploads\/2017\/10\/I.1.2-300x296.png\" alt=\"\" width=\"309\" height=\"305\" srcset=\"http:\/\/novaweb.casaruralcanpobric.com\/wp-content\/uploads\/2017\/10\/I.1.2-300x296.png 300w, http:\/\/novaweb.casaruralcanpobric.com\/wp-content\/uploads\/2017\/10\/I.1.2-768x758.png 768w, http:\/\/novaweb.casaruralcanpobric.com\/wp-content\/uploads\/2017\/10\/I.1.2-1024x1010.png 1024w, http:\/\/novaweb.casaruralcanpobric.com\/wp-content\/uploads\/2017\/10\/I.1.2-1170x1154.png 1170w\" sizes=\"(max-width: 309px) 100vw, 309px\" \/><\/a><\/p>\n<p><span style=\"font-family: titols; font-size: 24pt; color: #993300;\"><a style=\"text-decoration-line: none;\" href=\"http:\/\/novaweb.casaruralcanpobric.com\/?page_id=814&amp;lang=es\"><span style=\"color: #333333;\"><span style=\"color: #993300;\">La casa<\/span><\/span><\/a>:<\/span><\/p>\n<p><span style=\"font-family: Book Antiqua,Palatino; font-size: 18pt;\">La casa rural tiene una superficie habitable de 390 m\u00b2, repartidos<\/span><\/p>\n<p><span style=\"font-family: Book Antiqua,Palatino; font-size: 18pt;\"> en&nbsp;3 plantas. La casa tiene una capacidad inicial de 15 camas pero<\/span><\/p>\n<p><span style=\"font-family: Book Antiqua,Palatino; font-size: 18pt;\"> se puede aumentar hasta 7 camas m\u00e1s, hasta una capacidad total<\/span><\/p>\n<p><span style=\"font-family: Book Antiqua,Palatino; font-size: 18pt;\"> de 22 camas. Consultar en el caso de grupos m\u00e1s grandes.&nbsp; <\/span><\/p>\n<p>&nbsp;<\/p>\n<p>&nbsp;<\/p>\n<p>&nbsp;<\/p>\n<p><a href=\"http:\/\/novaweb.casaruralcanpobric.com\/?page_id=831&amp;lang=es\"><img decoding=\"async\" loading=\"lazy\" class=\"alignleft wp-image-734\" src=\"http:\/\/novaweb.casaruralcanpobric.com\/wp-content\/uploads\/2017\/10\/I.2.2-300x293.png\" alt=\"\" width=\"313\" height=\"306\" srcset=\"http:\/\/novaweb.casaruralcanpobric.com\/wp-content\/uploads\/2017\/10\/I.2.2-300x293.png 300w, http:\/\/novaweb.casaruralcanpobric.com\/wp-content\/uploads\/2017\/10\/I.2.2.png 353w\" sizes=\"(max-width: 313px) 100vw, 313px\" \/><\/a><\/p>\n<p>&nbsp;<\/p>\n<p><span style=\"font-size: 24pt; font-family: titols;\"><a style=\"text-decoration-line: none;\" href=\"http:\/\/novaweb.casaruralcanpobric.com\/?page_id=831&amp;lang=es\"><span style=\"color: #993300;\">Entorno<\/span><\/a><span style=\"color: #993300;\">:<\/span><\/span><\/p>\n<p><span style=\"font-size: 18pt;\"><span style=\"font-family: Book Antiqua,Palatino;\">A menos de una hora en coche se pueden encontrar una gran<\/span><\/span><\/p>\n<p><span style=\"font-size: 18pt;\"><span style=\"font-family: Book Antiqua,Palatino;\"> variedad de destinaciones como Girona, Barcelona, Besal\u00fa, las<\/span><\/span><\/p>\n<p><span style=\"font-size: 18pt;\"><span style=\"font-family: Book Antiqua,Palatino;\"> playas de la Costa Brava, Emp\u00faries, los Pirineos, entre otros.<\/span> <\/span><\/p>\n<p><span style=\"font-family: Book Antiqua,Palatino; font-size: 18pt;\">&nbsp; <\/span><\/p>\n<p>&nbsp;<\/p>\n<p>&nbsp;<\/p>\n<p>&nbsp;<\/p>\n<p><a href=\"http:\/\/novaweb.casaruralcanpobric.com\/?page_id=835&amp;lang=es\"><img decoding=\"async\" loading=\"lazy\" class=\"alignleft wp-image-735\" src=\"http:\/\/novaweb.casaruralcanpobric.com\/wp-content\/uploads\/2017\/10\/I.3.2-300x300.png\" alt=\"\" width=\"312\" height=\"312\" srcset=\"http:\/\/novaweb.casaruralcanpobric.com\/wp-content\/uploads\/2017\/10\/I.3.2-300x300.png 300w, http:\/\/novaweb.casaruralcanpobric.com\/wp-content\/uploads\/2017\/10\/I.3.2-150x150.png 150w, http:\/\/novaweb.casaruralcanpobric.com\/wp-content\/uploads\/2017\/10\/I.3.2.png 547w\" sizes=\"(max-width: 312px) 100vw, 312px\" \/><\/a><\/p>\n<p>&nbsp;<\/p>\n<p><span style=\"font-family: titols; font-size: 24pt;\"><a style=\"text-decoration-line: none;\" href=\"http:\/\/novaweb.casaruralcanpobric.com\/?page_id=835&amp;lang=es\"><span style=\"color: #993300;\">Situaci\u00f3n<\/span><\/a><span style=\"color: #993300;\">:<\/span><\/span><\/p>\n<p><span style=\"font-family: Book Antiqua,Palatino; font-size: 18pt;\">Estamos situados&nbsp; en Ma\u00e7anet de la Selva, en la comarca de la <\/span><\/p>\n<p><span style=\"font-family: Book Antiqua,Palatino; font-size: 18pt;\">Selva y provincia de Girona. Los pueblos vecinos son Sils, <\/span><\/p>\n<p><span style=\"font-family: Book Antiqua,Palatino; font-size: 18pt;\">Riudarenes y Hostalric. Nos encontramos en un entorno <\/span><span style=\"font-family: Book Antiqua,Palatino; font-size: 18pt;\">tranquilo<\/span><\/p>\n<p><span style=\"font-family: Book Antiqua,Palatino; font-size: 18pt;\"> y muy cercano de la natura de los Estanys de Sils (paraje natural).&nbsp;<\/span><\/p>\n<p>&nbsp;<\/p>\n<p>&nbsp;<\/p>\n<p>&nbsp;<\/p>\n<!-- index.php -->\n<div\n\tclass=\"ngg-galleryoverview ngg-ajax-pagination-none\"\n\tid=\"ngg-gallery-4ea0a231ad6685b39edab8bcdd1926c0-1\">\n\n    \t\t<!-- Thumbnails -->\n\t\t\t\t<div id=\"ngg-image-0\" class=\"ngg-gallery-thumbnail-box\" >\n\t\t\t\t        <div class=\"ngg-gallery-thumbnail\">\n            <a href=\"http:\/\/novaweb.casaruralcanpobric.com\/wp-content\/gallery\/premis\/Escapada-Rural.png\"\n               title=\"\"\n               data-src=\"http:\/\/novaweb.casaruralcanpobric.com\/wp-content\/gallery\/premis\/Escapada-Rural.png\"\n               data-thumbnail=\"http:\/\/novaweb.casaruralcanpobric.com\/wp-content\/gallery\/premis\/thumbs\/thumbs_Escapada-Rural.png\"\n               data-image-id=\"135\"\n               data-title=\"Escapada Rural\"\n               data-description=\"\"\n               data-image-slug=\"escapada-rural\"\n               class=\"ngg-fancybox\" rel=\"4ea0a231ad6685b39edab8bcdd1926c0\">\n                <img\n                    title=\"Escapada Rural\"\n                    alt=\"Escapada Rural\"\n                    src=\"http:\/\/novaweb.casaruralcanpobric.com\/wp-content\/gallery\/premis\/cache\/Escapada-Rural.png-nggid03135-ngg0dyn-240x180x100-00f0w010c011r110f110r010t010.png\"\n                    width=\"240\"\n                    height=\"180\"\n                    style=\"max-width:100%;\"\n                \/>\n            <\/a>\n        <\/div>\n\t\t\t\t\t\t\t<\/div> \n\t\t\t\n                            \n\t\t\t\t<div id=\"ngg-image-1\" class=\"ngg-gallery-thumbnail-box\" >\n\t\t\t\t        <div class=\"ngg-gallery-thumbnail\">\n            <a href=\"http:\/\/novaweb.casaruralcanpobric.com\/wp-content\/gallery\/premis\/Toprural-240.png\"\n               title=\"\"\n               data-src=\"http:\/\/novaweb.casaruralcanpobric.com\/wp-content\/gallery\/premis\/Toprural-240.png\"\n               data-thumbnail=\"http:\/\/novaweb.casaruralcanpobric.com\/wp-content\/gallery\/premis\/thumbs\/thumbs_Toprural-240.png\"\n               data-image-id=\"139\"\n               data-title=\"Toprural 240\"\n               data-description=\"\"\n               data-image-slug=\"toprural-240\"\n               class=\"ngg-fancybox\" rel=\"4ea0a231ad6685b39edab8bcdd1926c0\">\n                <img\n                    title=\"Toprural 240\"\n                    alt=\"Toprural 240\"\n                    src=\"http:\/\/novaweb.casaruralcanpobric.com\/wp-content\/gallery\/premis\/cache\/Toprural-240.png-nggid03139-ngg0dyn-240x180x100-00f0w010c011r110f110r010t010.png\"\n                    width=\"240\"\n                    height=\"180\"\n                    style=\"max-width:100%;\"\n                \/>\n            <\/a>\n        <\/div>\n\t\t\t\t\t\t\t<\/div> \n\t\t\t\n                            \n\t\t\n\t\t<!-- Pagination -->\n\t<div class='ngg-clear'><\/div>\t<\/div>\n\n<p>&nbsp;<\/p>\n<p>&nbsp;<\/p>\n","protected":false},"excerpt":{"rendered":"<p>Can Pobric es una mas\u00eda r\u00fastica situada en el pueblo de Ma\u00e7anet de la Selva, en un paraje natural, toda envuelta de bosques. &nbsp;La&nbsp; casa fue construida en 1850 y fue totalmente restaurada, con todas las comodidades, en&nbsp;2011. &nbsp; Su&#8230;<br \/><a class=\"read-more-button\" href=\"http:\/\/novaweb.casaruralcanpobric.com\/?lang=es\">Read more<\/a><\/p>\n","protected":false},"author":1,"featured_media":0,"parent":0,"menu_order":0,"comment_status":"closed","ping_status":"closed","template":"template-full-width.php","meta":{"ngg_post_thumbnail":0},"acf":[],"_links":{"self":[{"href":"http:\/\/novaweb.casaruralcanpobric.com\/index.php?rest_route=\/wp\/v2\/pages\/812"}],"collection":[{"href":"http:\/\/novaweb.casaruralcanpobric.com\/index.php?rest_route=\/wp\/v2\/pages"}],"about":[{"href":"http:\/\/novaweb.casaruralcanpobric.com\/index.php?rest_route=\/wp\/v2\/types\/page"}],"author":[{"embeddable":true,"href":"http:\/\/novaweb.casaruralcanpobric.com\/index.php?rest_route=\/wp\/v2\/users\/1"}],"replies":[{"embeddable":true,"href":"http:\/\/novaweb.casaruralcanpobric.com\/index.php?rest_route=%2Fwp%2Fv2%2Fcomments&post=812"}],"version-history":[{"count":11,"href":"http:\/\/novaweb.casaruralcanpobric.com\/index.php?rest_route=\/wp\/v2\/pages\/812\/revisions"}],"predecessor-version":[{"id":1143,"href":"http:\/\/novaweb.casaruralcanpobric.com\/index.php?rest_route=\/wp\/v2\/pages\/812\/revisions\/1143"}],"wp:attachment":[{"href":"http:\/\/novaweb.casaruralcanpobric.com\/index.php?rest_route=%2Fwp%2Fv2%2Fmedia&parent=812"}],"curies":[{"name":"wp","href":"https:\/\/api.w.org\/{rel}","templated":true}]}}