{"id":854,"date":"2017-11-14T11:22:30","date_gmt":"2017-11-14T11:22:30","guid":{"rendered":"http:\/\/novaweb.casaruralcanpobric.com\/?page_id=854"},"modified":"2018-06-20T08:22:16","modified_gmt":"2018-06-20T08:22:16","slug":"accueil","status":"publish","type":"page","link":"http:\/\/novaweb.casaruralcanpobric.com\/?lang=fr","title":{"rendered":"Accueil"},"content":{"rendered":"<p style=\"padding-left: 30px; text-align: left;\"><span style=\"font-family: Book Antiqua,Palatino; font-size: 18pt;\"><img decoding=\"async\" loading=\"lazy\" class=\"alignright wp-image-750 \" src=\"http:\/\/novaweb.casaruralcanpobric.com\/wp-content\/uploads\/2017\/10\/PRINCIPAL-1-min-136x300.png\" alt=\"\" width=\"315\" height=\"695\" srcset=\"http:\/\/novaweb.casaruralcanpobric.com\/wp-content\/uploads\/2017\/10\/PRINCIPAL-1-min-136x300.png 136w, http:\/\/novaweb.casaruralcanpobric.com\/wp-content\/uploads\/2017\/10\/PRINCIPAL-1-min-768x1697.png 768w, http:\/\/novaweb.casaruralcanpobric.com\/wp-content\/uploads\/2017\/10\/PRINCIPAL-1-min-1170x2586.png 1170w\" sizes=\"(max-width: 315px) 100vw, 315px\" \/><\/span><\/p>\n<p style=\"padding-left: 30px;\"><span style=\"font-family: Book Antiqua, Palatino; font-size: 18pt;\">Can Pobric est une maison rustique situ\u00e9e dans une ville appel\u00e9e<\/span><\/p>\n<p style=\"padding-left: 30px;\"><span style=\"font-family: Book Antiqua, Palatino; font-size: 18pt;\"> Ma\u00e7anet de la Selva. La maison est situ\u00e9e dans un endroit naturel,<\/span><\/p>\n<p style=\"padding-left: 30px;\"><span style=\"font-family: Book Antiqua, Palatino; font-size: 18pt;\"> compl\u00e8tement entour\u00e9 de for\u00eats. Il a \u00e9t\u00e9 construit en 1850 et il a \u00e9t\u00e9<\/span><\/p>\n<p style=\"padding-left: 30px;\"><span style=\"font-family: Book Antiqua, Palatino; font-size: 18pt;\"> enti\u00e8rement restaur\u00e9 en 2011.<\/span><\/p>\n<p>&nbsp;<\/p>\n<p style=\"padding-left: 30px;\"><span style=\"font-family: Book Antiqua, Palatino; font-size: 18pt;\"> Sa situation est id\u00e9ale pour profiter d&#8217;un s\u00e9jour au milieu de la <\/span><\/p>\n<p style=\"padding-left: 30px;\"><span style=\"font-family: Book Antiqua, Palatino; font-size: 18pt;\">nature et de la v\u00e9g\u00e9tation. Il est \u00e0 seulement 25 minutes de G\u00e9rone,<\/span><\/p>\n<p style=\"padding-left: 30px;\"><span style=\"font-family: Book Antiqua, Palatino; font-size: 18pt;\"> \u00e0 45 minutes de Barcelone et \u00e0 seulement 20 minutes des plages de<\/span><\/p>\n<p style=\"padding-left: 30px;\"><span style=\"font-family: Book Antiqua, Palatino; font-size: 18pt;\"> la Costa Brava.<\/span><\/p>\n<p>&nbsp;<\/p>\n<p style=\"padding-left: 30px;\"><span style=\"font-family: Book Antiqua, Palatino; font-size: 18pt;\"> Venez profiter de l&#8217;intimit\u00e9 de la maison dans la for\u00eat. Apprenez<\/span><\/p>\n<p style=\"padding-left: 30px;\"><span style=\"font-family: Book Antiqua, Palatino; font-size: 18pt;\"> \u00e0 conna\u00eetre les animaux qui sont dans la maison comme les canards,<\/span><\/p>\n<p style=\"padding-left: 30px;\"><span style=\"font-family: Book Antiqua, Palatino; font-size: 18pt;\"> les ch\u00e8vres et les moutons. Oubliez le stress quotidien et profitez <\/span><\/p>\n<p style=\"padding-left: 30px;\"><span style=\"font-family: Book Antiqua, Palatino; font-size: 18pt;\">d&#8217;un environnement naturel. D\u00e9tendez-vous dans la piscine au sel <\/span><\/p>\n<p style=\"padding-left: 30px;\"><span style=\"font-family: Book Antiqua, Palatino; font-size: 18pt;\">avec les avantages de la salinisation. La maison dispose du wifi \u00e0&nbsp;<\/span><\/p>\n<pre id=\"tw-target-text\" class=\"tw-data-text tw-ta tw-text-medium\" dir=\"ltr\" style=\"padding-left: 30px;\" data-placeholder=\"Traducci\u00f3n\" data-fulltext=\"\"><span style=\"font-size: 18pt; font-family: 'Book Antiqua', Palatino;\" lang=\"fr\">l'int\u00e9rieur et \u00e0 l'ext\u00e9rieur.<\/span><\/pre>\n<p style=\"text-align: left;\">&nbsp;<\/p>\n<p style=\"text-align: left; padding-left: 30px;\">&nbsp;<\/p>\n<p>&nbsp;<\/p>\n<hr>\n<h1 style=\"text-align: center;\"><span style=\"font-family: titols; font-size: 36pt; color: #800000;\">Can Pobric-Tr<\/span><span style=\"color: #800000;\"><span style=\"font-family: titols; font-size: 36pt;\">a<\/span><span style=\"font-family: titols; font-size: 36pt;\">nquillit\u00e9 au milieu de la natura<\/span><\/span><\/h1>\n<p>&nbsp;<\/p>\n<p>&nbsp; <a href=\"http:\/\/novaweb.casaruralcanpobric.com\/?page_id=879&amp;lang=fr\"><img decoding=\"async\" loading=\"lazy\" class=\"alignleft wp-image-733\" src=\"http:\/\/novaweb.casaruralcanpobric.com\/wp-content\/uploads\/2017\/10\/I.1.2-300x296.png\" alt=\"\" width=\"309\" height=\"305\" srcset=\"http:\/\/novaweb.casaruralcanpobric.com\/wp-content\/uploads\/2017\/10\/I.1.2-300x296.png 300w, http:\/\/novaweb.casaruralcanpobric.com\/wp-content\/uploads\/2017\/10\/I.1.2-768x758.png 768w, http:\/\/novaweb.casaruralcanpobric.com\/wp-content\/uploads\/2017\/10\/I.1.2-1024x1010.png 1024w, http:\/\/novaweb.casaruralcanpobric.com\/wp-content\/uploads\/2017\/10\/I.1.2-1170x1154.png 1170w\" sizes=\"(max-width: 309px) 100vw, 309px\" \/><\/a><\/p>\n<p><span style=\"font-family: titols; font-size: 24pt; color: #993300;\"><a style=\"text-decoration-line: none;\" href=\"http:\/\/novaweb.casaruralcanpobric.com\/?page_id=879&amp;lang=fr\"><span style=\"color: #333333;\"><span style=\"color: #993300;\">La maison<\/span><\/span><\/a>:<\/span><\/p>\n<p><span style=\"font-family: Book Antiqua, Palatino; font-size: 18pt;\">La maison a une surface habitable de 390 m\u00b2, r\u00e9partis sur 3 <\/span><\/p>\n<p><span style=\"font-family: Book Antiqua, Palatino; font-size: 18pt;\">\u00e9tages. Elle a une capacit\u00e9 initiale de 15 lits mais \u00e7a peut \u00eatre<\/span><\/p>\n<p><span style=\"font-family: Book Antiqua, Palatino; font-size: 18pt;\"> augment\u00e9 jusqu&#8217;\u00e0 7 lits suppl\u00e9mentaires, jusqu&#8217;\u00e0 une capacit\u00e9 <\/span><\/p>\n<p><span style=\"font-family: Book Antiqua, Palatino; font-size: 18pt;\">totale de 22 places. <span id=\"result_box\" class=\"short_text\" lang=\"fr\"><span class=\"\">Consulter dans le cas de groupes plus importants<\/span><\/span>.<br \/>\n<\/span><\/p>\n<p>&nbsp;<\/p>\n<p>&nbsp;<\/p>\n<p>&nbsp;<\/p>\n<p><a href=\"http:\/\/novaweb.casaruralcanpobric.com\/?page_id=889&amp;lang=fr\"><img decoding=\"async\" loading=\"lazy\" class=\"alignleft wp-image-734\" src=\"http:\/\/novaweb.casaruralcanpobric.com\/wp-content\/uploads\/2017\/10\/I.2.2-300x293.png\" alt=\"\" width=\"313\" height=\"306\" srcset=\"http:\/\/novaweb.casaruralcanpobric.com\/wp-content\/uploads\/2017\/10\/I.2.2-300x293.png 300w, http:\/\/novaweb.casaruralcanpobric.com\/wp-content\/uploads\/2017\/10\/I.2.2.png 353w\" sizes=\"(max-width: 313px) 100vw, 313px\" \/><\/a><\/p>\n<p>&nbsp;<\/p>\n<p><span style=\"font-size: 24pt; font-family: titols;\"><span style=\"color: #993300;\">Les alentours:<\/span><\/span><\/p>\n<p><span style=\"font-family: Book Antiqua, Palatino; font-size: 18pt;\">\u00c0 moins d&#8217;une heure en voiture, vous pouvez trouver une <\/span><\/p>\n<p><span style=\"font-family: Book Antiqua, Palatino; font-size: 18pt;\">grande vari\u00e9t\u00e9 de destinations telles que G\u00e9rone, Barcelone, <\/span><\/p>\n<p><span style=\"font-family: Book Antiqua, Palatino; font-size: 18pt;\">Besal\u00fa, Costa Brava, Emp\u00faries, Pyr\u00e9n\u00e9es, entre autres.<\/span><\/p>\n<p><span style=\"font-family: Book Antiqua,Palatino; font-size: 18pt;\">&nbsp; <\/span><\/p>\n<p>&nbsp;<\/p>\n<p>&nbsp;<\/p>\n<p>&nbsp;<\/p>\n<p><a href=\"http:\/\/novaweb.casaruralcanpobric.com\/?page_id=907&amp;lang=fr\"><img decoding=\"async\" loading=\"lazy\" class=\"alignleft wp-image-735\" src=\"http:\/\/novaweb.casaruralcanpobric.com\/wp-content\/uploads\/2017\/10\/I.3.2-300x300.png\" alt=\"\" width=\"312\" height=\"312\" srcset=\"http:\/\/novaweb.casaruralcanpobric.com\/wp-content\/uploads\/2017\/10\/I.3.2-300x300.png 300w, http:\/\/novaweb.casaruralcanpobric.com\/wp-content\/uploads\/2017\/10\/I.3.2-150x150.png 150w, http:\/\/novaweb.casaruralcanpobric.com\/wp-content\/uploads\/2017\/10\/I.3.2.png 547w\" sizes=\"(max-width: 312px) 100vw, 312px\" \/><\/a><\/p>\n<p>&nbsp;<\/p>\n<p><span style=\"font-family: titols; font-size: 24pt;\"><a style=\"text-decoration-line: none;\" href=\"http:\/\/novaweb.casaruralcanpobric.com\/?page_id=907&amp;lang=fr\"><span style=\"color: #993300;\">Situation<\/span><\/a><span style=\"color: #993300;\">:<\/span><\/span><\/p>\n<p><span style=\"font-family: Book Antiqua, Palatino; font-size: 18pt;\">Nous sommes \u00e0 Ma\u00e7anet de la Selva, dans la r\u00e9gion de La Selva <\/span><\/p>\n<p><span style=\"font-family: Book Antiqua, Palatino; font-size: 18pt;\">(Girona). Les villes voisines sont Sils, Riudarenes et Hostalric. <\/span><\/p>\n<p><span style=\"font-family: Book Antiqua, Palatino; font-size: 18pt;\">La maison est dans un endroit calme et tr\u00e8s proche des marais de <\/span><\/p>\n<p><span style=\"font-family: Book Antiqua, Palatino; font-size: 18pt;\">Sils (Els Estanys de Sils) qui est un \u00e9cosyst\u00e8me semi-naturel avec <\/span><\/p>\n<p><span style=\"font-family: Book Antiqua, Palatino; font-size: 18pt;\">des sols argileux souvent inond\u00e9s.<\/span><\/p>\n<p>&nbsp;<\/p>\n<p>&nbsp;<\/p>\n<!-- index.php -->\n<div\n\tclass=\"ngg-galleryoverview ngg-ajax-pagination-none\"\n\tid=\"ngg-gallery-4ea0a231ad6685b39edab8bcdd1926c0-1\">\n\n    \t\t<!-- Thumbnails -->\n\t\t\t\t<div id=\"ngg-image-0\" class=\"ngg-gallery-thumbnail-box\" >\n\t\t\t\t        <div class=\"ngg-gallery-thumbnail\">\n            <a href=\"http:\/\/novaweb.casaruralcanpobric.com\/wp-content\/gallery\/premis\/Escapada-Rural.png\"\n               title=\"\"\n               data-src=\"http:\/\/novaweb.casaruralcanpobric.com\/wp-content\/gallery\/premis\/Escapada-Rural.png\"\n               data-thumbnail=\"http:\/\/novaweb.casaruralcanpobric.com\/wp-content\/gallery\/premis\/thumbs\/thumbs_Escapada-Rural.png\"\n               data-image-id=\"135\"\n               data-title=\"Escapada Rural\"\n               data-description=\"\"\n               data-image-slug=\"escapada-rural\"\n               class=\"ngg-fancybox\" rel=\"4ea0a231ad6685b39edab8bcdd1926c0\">\n                <img\n                    title=\"Escapada Rural\"\n                    alt=\"Escapada Rural\"\n                    src=\"http:\/\/novaweb.casaruralcanpobric.com\/wp-content\/gallery\/premis\/cache\/Escapada-Rural.png-nggid03135-ngg0dyn-240x180x100-00f0w010c011r110f110r010t010.png\"\n                    width=\"240\"\n                    height=\"180\"\n                    style=\"max-width:100%;\"\n                \/>\n            <\/a>\n        <\/div>\n\t\t\t\t\t\t\t<\/div> \n\t\t\t\n                            \n\t\t\t\t<div id=\"ngg-image-1\" class=\"ngg-gallery-thumbnail-box\" >\n\t\t\t\t        <div class=\"ngg-gallery-thumbnail\">\n            <a href=\"http:\/\/novaweb.casaruralcanpobric.com\/wp-content\/gallery\/premis\/Toprural-240.png\"\n               title=\"\"\n               data-src=\"http:\/\/novaweb.casaruralcanpobric.com\/wp-content\/gallery\/premis\/Toprural-240.png\"\n               data-thumbnail=\"http:\/\/novaweb.casaruralcanpobric.com\/wp-content\/gallery\/premis\/thumbs\/thumbs_Toprural-240.png\"\n               data-image-id=\"139\"\n               data-title=\"Toprural 240\"\n               data-description=\"\"\n               data-image-slug=\"toprural-240\"\n               class=\"ngg-fancybox\" rel=\"4ea0a231ad6685b39edab8bcdd1926c0\">\n                <img\n                    title=\"Toprural 240\"\n                    alt=\"Toprural 240\"\n                    src=\"http:\/\/novaweb.casaruralcanpobric.com\/wp-content\/gallery\/premis\/cache\/Toprural-240.png-nggid03139-ngg0dyn-240x180x100-00f0w010c011r110f110r010t010.png\"\n                    width=\"240\"\n                    height=\"180\"\n                    style=\"max-width:100%;\"\n                \/>\n            <\/a>\n        <\/div>\n\t\t\t\t\t\t\t<\/div> \n\t\t\t\n                            \n\t\t\n\t\t<!-- Pagination -->\n\t<div class='ngg-clear'><\/div>\t<\/div>\n\n<p>&nbsp;<\/p>\n<p>&nbsp;<\/p>\n","protected":false},"excerpt":{"rendered":"<p>Can Pobric est une maison rustique situ\u00e9e dans une ville appel\u00e9e Ma\u00e7anet de la Selva. La maison est situ\u00e9e dans un endroit naturel, compl\u00e8tement entour\u00e9 de for\u00eats. Il a \u00e9t\u00e9 construit en 1850 et il a \u00e9t\u00e9 enti\u00e8rement restaur\u00e9 en&#8230;<br \/><a class=\"read-more-button\" href=\"http:\/\/novaweb.casaruralcanpobric.com\/?lang=fr\">Read more<\/a><\/p>\n","protected":false},"author":1,"featured_media":0,"parent":0,"menu_order":0,"comment_status":"closed","ping_status":"closed","template":"template-full-width.php","meta":{"ngg_post_thumbnail":0},"acf":[],"_links":{"self":[{"href":"http:\/\/novaweb.casaruralcanpobric.com\/index.php?rest_route=\/wp\/v2\/pages\/854"}],"collection":[{"href":"http:\/\/novaweb.casaruralcanpobric.com\/index.php?rest_route=\/wp\/v2\/pages"}],"about":[{"href":"http:\/\/novaweb.casaruralcanpobric.com\/index.php?rest_route=\/wp\/v2\/types\/page"}],"author":[{"embeddable":true,"href":"http:\/\/novaweb.casaruralcanpobric.com\/index.php?rest_route=\/wp\/v2\/users\/1"}],"replies":[{"embeddable":true,"href":"http:\/\/novaweb.casaruralcanpobric.com\/index.php?rest_route=%2Fwp%2Fv2%2Fcomments&post=854"}],"version-history":[{"count":8,"href":"http:\/\/novaweb.casaruralcanpobric.com\/index.php?rest_route=\/wp\/v2\/pages\/854\/revisions"}],"predecessor-version":[{"id":1151,"href":"http:\/\/novaweb.casaruralcanpobric.com\/index.php?rest_route=\/wp\/v2\/pages\/854\/revisions\/1151"}],"wp:attachment":[{"href":"http:\/\/novaweb.casaruralcanpobric.com\/index.php?rest_route=%2Fwp%2Fv2%2Fmedia&parent=854"}],"curies":[{"name":"wp","href":"https:\/\/api.w.org\/{rel}","templated":true}]}}