{"id":856,"date":"2017-11-14T11:24:28","date_gmt":"2017-11-14T11:24:28","guid":{"rendered":"http:\/\/novaweb.casaruralcanpobric.com\/?page_id=856"},"modified":"2018-06-20T08:23:27","modified_gmt":"2018-06-20T08:23:27","slug":"einfuehrung","status":"publish","type":"page","link":"http:\/\/novaweb.casaruralcanpobric.com\/?lang=de","title":{"rendered":"Einf\u00fchrung"},"content":{"rendered":"<p style=\"padding-left: 30px; text-align: left;\"><span style=\"font-family: Book Antiqua,Palatino; font-size: 18pt;\"><img decoding=\"async\" loading=\"lazy\" class=\"alignright wp-image-750 \" src=\"http:\/\/novaweb.casaruralcanpobric.com\/wp-content\/uploads\/2017\/10\/PRINCIPAL-1-min-136x300.png\" alt=\"\" width=\"315\" height=\"695\" srcset=\"http:\/\/novaweb.casaruralcanpobric.com\/wp-content\/uploads\/2017\/10\/PRINCIPAL-1-min-136x300.png 136w, http:\/\/novaweb.casaruralcanpobric.com\/wp-content\/uploads\/2017\/10\/PRINCIPAL-1-min-768x1697.png 768w, http:\/\/novaweb.casaruralcanpobric.com\/wp-content\/uploads\/2017\/10\/PRINCIPAL-1-min-1170x2586.png 1170w\" sizes=\"(max-width: 315px) 100vw, 315px\" \/><\/span><\/p>\n<p style=\"padding-left: 30px;\"><span style=\"font-family: Book Antiqua, Palatino; font-size: 18pt;\">Can Pobric ist ein rustikales Haus in einer kleinen Stadt namens <\/span><\/p>\n<p style=\"padding-left: 30px;\"><span style=\"font-family: Book Antiqua, Palatino; font-size: 18pt;\">Ma\u00e7anet de la Selva. Das Haus liegt in einem nat\u00fcrlichen Ort, <\/span><\/p>\n<p style=\"padding-left: 30px;\"><span style=\"font-family: Book Antiqua, Palatino; font-size: 18pt;\">vollkommen von W\u00e4ldern umgeben. Es wurde 1850 erbaut und <\/span><\/p>\n<p style=\"padding-left: 30px;\"><span style=\"font-family: Book Antiqua, Palatino; font-size: 18pt;\">2011 komplett renoviert.<\/span><\/p>\n<p style=\"padding-left: 30px;\"><span style=\"font-family: Book Antiqua, Palatino; font-size: 18pt;\"> Seine Lage ist ideal, um einen Aufenthalt in der Mitte der Natur <\/span><\/p>\n<p style=\"padding-left: 30px;\"><span style=\"font-family: Book Antiqua, Palatino; font-size: 18pt;\">und Vegetation zu genie\u00dfen. Es ist nur 25 Minuten von Girona, <\/span><\/p>\n<p style=\"padding-left: 30px;\"><span style=\"font-family: Book Antiqua, Palatino; font-size: 18pt;\">45 Minuten von Barcelona und nur 20 Minuten von den Str\u00e4nden <\/span><\/p>\n<p style=\"padding-left: 30px;\"><span style=\"font-family: Book Antiqua, Palatino; font-size: 18pt;\">der Costa Brava entfernt.<\/span><\/p>\n<p style=\"padding-left: 30px;\"><span style=\"font-family: Book Antiqua, Palatino; font-size: 18pt;\"> Kommen Sie und genie\u00dfen Sie die Privatsph\u00e4re des Hauses, denn <\/span><\/p>\n<p style=\"padding-left: 30px;\"><span style=\"font-family: Book Antiqua, Palatino; font-size: 18pt;\">es liegt mitten im Wald. Lernen Sie die im Haus lebenden Tiere <\/span><\/p>\n<p style=\"padding-left: 30px;\"><span style=\"font-family: Book Antiqua, Palatino; font-size: 18pt;\">wie Enten, Ziegen und Schafe kennen. Vergessen Sie den <\/span><\/p>\n<p style=\"padding-left: 30px;\"><span style=\"font-family: Book Antiqua, Palatino; font-size: 18pt;\">Alltagsstress und genie\u00dfen Sie die Natur. Entspannen Sie sich im <\/span><\/p>\n<p style=\"padding-left: 30px;\"><span style=\"font-family: Book Antiqua, Palatino; font-size: 18pt;\">Salz-Schwimmbad mit den Vorteilen der Versalzung. Das Haus&nbsp;<\/span><\/p>\n<p style=\"padding-left: 30px;\"><span style=\"font-family: 'Book Antiqua', Palatino; font-size: 18pt;\">verf\u00fcgt \u00fcber WIFI auf der Innen- und Au\u00dfenseite.<\/span><\/p>\n<p>&nbsp;<\/p>\n<hr>\n<h1 style=\"text-align: center;\"><span style=\"font-family: titols; font-size: 36pt; color: #800000;\">Can Pobric-Ruhe mitten in der Natur<\/span><\/h1>\n<p>&nbsp;<\/p>\n<p>&nbsp; <a href=\"http:\/\/novaweb.casaruralcanpobric.com\/?page_id=877&amp;lang=de\"><img decoding=\"async\" loading=\"lazy\" class=\"alignleft wp-image-733\" src=\"http:\/\/novaweb.casaruralcanpobric.com\/wp-content\/uploads\/2017\/10\/I.1.2-300x296.png\" alt=\"\" width=\"309\" height=\"305\" srcset=\"http:\/\/novaweb.casaruralcanpobric.com\/wp-content\/uploads\/2017\/10\/I.1.2-300x296.png 300w, http:\/\/novaweb.casaruralcanpobric.com\/wp-content\/uploads\/2017\/10\/I.1.2-768x758.png 768w, http:\/\/novaweb.casaruralcanpobric.com\/wp-content\/uploads\/2017\/10\/I.1.2-1024x1010.png 1024w, http:\/\/novaweb.casaruralcanpobric.com\/wp-content\/uploads\/2017\/10\/I.1.2-1170x1154.png 1170w\" sizes=\"(max-width: 309px) 100vw, 309px\" \/><\/a><\/p>\n<p><span style=\"font-family: titols; font-size: 24pt; color: #993300;\"><a style=\"text-decoration-line: none;\" href=\"http:\/\/novaweb.casaruralcanpobric.com\/?page_id=877&amp;lang=de\"><span style=\"color: #333333;\"><span style=\"color: #993300;\">Die Finca<\/span><\/span><\/a>:<\/span><\/p>\n<p><span style=\"font-family: 'Book Antiqua', Palatino; font-size: 18pt;\">Das Haus hat eine Wohnfl\u00e4che von 390 m\u00b2, mit 3 Etagen. Es <\/span><\/p>\n<p><span style=\"font-family: 'Book Antiqua', Palatino; font-size: 18pt;\">hat eine anf\u00e4ngliche Kapazit\u00e4t von 15 Betten, aber es kann bis <\/span><\/p>\n<p><span style=\"font-family: 'Book Antiqua', Palatino; font-size: 18pt;\">zu 7 Betten erh\u00f6ht werden, bis zu einer Gesamtkapazit\u00e4t von <\/span><\/p>\n<p><span style=\"font-family: 'Book Antiqua', Palatino; font-size: 18pt;\">22 Pl\u00e4tzen. <span id=\"result_box\" class=\"short_text\" lang=\"de\"><span class=\"\">Beraten Sie sich bei gr\u00f6\u00dferen Gruppen.<\/span><\/span><br \/>\n<\/span><\/p>\n<p>&nbsp;<\/p>\n<p>&nbsp;<\/p>\n<p>&nbsp;<\/p>\n<p><a href=\"http:\/\/novaweb.casaruralcanpobric.com\/?page_id=887&amp;lang=de\"><img decoding=\"async\" loading=\"lazy\" class=\"alignleft wp-image-734\" src=\"http:\/\/novaweb.casaruralcanpobric.com\/wp-content\/uploads\/2017\/10\/I.2.2-300x293.png\" alt=\"\" width=\"313\" height=\"306\" srcset=\"http:\/\/novaweb.casaruralcanpobric.com\/wp-content\/uploads\/2017\/10\/I.2.2-300x293.png 300w, http:\/\/novaweb.casaruralcanpobric.com\/wp-content\/uploads\/2017\/10\/I.2.2.png 353w\" sizes=\"(max-width: 313px) 100vw, 313px\" \/><\/a><\/p>\n<p>&nbsp;<\/p>\n<p><span style=\"font-size: 24pt; font-family: titols;\"><span style=\"color: #993300;\">Umgebung:<\/span><\/span><\/p>\n<p><span style=\"font-family: Book Antiqua, Palatino; font-size: 18pt;\">Weniger als eine Stunde mit dem Auto entfernt finden Sie <\/span><\/p>\n<p><span style=\"font-family: Book Antiqua, Palatino; font-size: 18pt;\">eine Vielzahl von Orte wie Girona, Barcelona, \u200b\u200bBesal\u00fa, Costa Brava, <\/span><\/p>\n<p><span style=\"font-family: Book Antiqua, Palatino; font-size: 18pt;\">Emp\u00faries, die Pyren\u00e4en, unter anderen<\/span>.<\/p>\n<p><span style=\"font-family: Book Antiqua,Palatino; font-size: 18pt;\">&nbsp; <\/span><\/p>\n<p>&nbsp;<\/p>\n<p>&nbsp;<\/p>\n<p>&nbsp;<\/p>\n<p><a href=\"http:\/\/novaweb.casaruralcanpobric.com\/?page_id=905&amp;lang=de\"><img decoding=\"async\" loading=\"lazy\" class=\"alignleft wp-image-735\" src=\"http:\/\/novaweb.casaruralcanpobric.com\/wp-content\/uploads\/2017\/10\/I.3.2-300x300.png\" alt=\"\" width=\"312\" height=\"312\" srcset=\"http:\/\/novaweb.casaruralcanpobric.com\/wp-content\/uploads\/2017\/10\/I.3.2-300x300.png 300w, http:\/\/novaweb.casaruralcanpobric.com\/wp-content\/uploads\/2017\/10\/I.3.2-150x150.png 150w, http:\/\/novaweb.casaruralcanpobric.com\/wp-content\/uploads\/2017\/10\/I.3.2.png 547w\" sizes=\"(max-width: 312px) 100vw, 312px\" \/><\/a><\/p>\n<p>&nbsp;<\/p>\n<p><span style=\"font-family: titols; font-size: 24pt;\"><span style=\"color: #993300;\">Lage:<\/span><\/span><\/p>\n<p><span style=\"font-family: Book Antiqua, Palatino; font-size: 18pt;\">Wir sind in Ma\u00e7anet de la Selva, in der Region von La Selva <\/span><\/p>\n<p><span style=\"font-family: Book Antiqua, Palatino; font-size: 18pt;\">(Girona). Die Nachbarst\u00e4dte sind Sils, Riudarenes und Hostalric. <\/span><\/p>\n<p><span style=\"font-family: Book Antiqua, Palatino; font-size: 18pt;\">Das Haus liegt in einem ruhigen Ort und sehr nah von den S\u00fcmpfen <\/span><\/p>\n<p><span style=\"font-family: Book Antiqua, Palatino; font-size: 18pt;\">von Sils (Els Estanys de Sils), einem halbnat\u00fcrlichen \u00d6kosystem mit <\/span><\/p>\n<p><span style=\"font-family: Book Antiqua, Palatino; font-size: 18pt;\">Lehmboden, das oft \u00fcberflutet ist.<\/span><\/p>\n<p>&nbsp;<\/p>\n<p>&nbsp;<\/p>\n<!-- index.php -->\n<div\n\tclass=\"ngg-galleryoverview ngg-ajax-pagination-none\"\n\tid=\"ngg-gallery-4ea0a231ad6685b39edab8bcdd1926c0-1\">\n\n    \t\t<!-- Thumbnails -->\n\t\t\t\t<div id=\"ngg-image-0\" class=\"ngg-gallery-thumbnail-box\" >\n\t\t\t\t        <div class=\"ngg-gallery-thumbnail\">\n            <a href=\"http:\/\/novaweb.casaruralcanpobric.com\/wp-content\/gallery\/premis\/Escapada-Rural.png\"\n               title=\"\"\n               data-src=\"http:\/\/novaweb.casaruralcanpobric.com\/wp-content\/gallery\/premis\/Escapada-Rural.png\"\n               data-thumbnail=\"http:\/\/novaweb.casaruralcanpobric.com\/wp-content\/gallery\/premis\/thumbs\/thumbs_Escapada-Rural.png\"\n               data-image-id=\"135\"\n               data-title=\"Escapada Rural\"\n               data-description=\"\"\n               data-image-slug=\"escapada-rural\"\n               class=\"ngg-fancybox\" rel=\"4ea0a231ad6685b39edab8bcdd1926c0\">\n                <img\n                    title=\"Escapada Rural\"\n                    alt=\"Escapada Rural\"\n                    src=\"http:\/\/novaweb.casaruralcanpobric.com\/wp-content\/gallery\/premis\/cache\/Escapada-Rural.png-nggid03135-ngg0dyn-240x180x100-00f0w010c011r110f110r010t010.png\"\n                    width=\"240\"\n                    height=\"180\"\n                    style=\"max-width:100%;\"\n                \/>\n            <\/a>\n        <\/div>\n\t\t\t\t\t\t\t<\/div> \n\t\t\t\n                            \n\t\t\t\t<div id=\"ngg-image-1\" class=\"ngg-gallery-thumbnail-box\" >\n\t\t\t\t        <div class=\"ngg-gallery-thumbnail\">\n            <a href=\"http:\/\/novaweb.casaruralcanpobric.com\/wp-content\/gallery\/premis\/Toprural-240.png\"\n               title=\"\"\n               data-src=\"http:\/\/novaweb.casaruralcanpobric.com\/wp-content\/gallery\/premis\/Toprural-240.png\"\n               data-thumbnail=\"http:\/\/novaweb.casaruralcanpobric.com\/wp-content\/gallery\/premis\/thumbs\/thumbs_Toprural-240.png\"\n               data-image-id=\"139\"\n               data-title=\"Toprural 240\"\n               data-description=\"\"\n               data-image-slug=\"toprural-240\"\n               class=\"ngg-fancybox\" rel=\"4ea0a231ad6685b39edab8bcdd1926c0\">\n                <img\n                    title=\"Toprural 240\"\n                    alt=\"Toprural 240\"\n                    src=\"http:\/\/novaweb.casaruralcanpobric.com\/wp-content\/gallery\/premis\/cache\/Toprural-240.png-nggid03139-ngg0dyn-240x180x100-00f0w010c011r110f110r010t010.png\"\n                    width=\"240\"\n                    height=\"180\"\n                    style=\"max-width:100%;\"\n                \/>\n            <\/a>\n        <\/div>\n\t\t\t\t\t\t\t<\/div> \n\t\t\t\n                            \n\t\t\n\t\t<!-- Pagination -->\n\t<div class='ngg-clear'><\/div>\t<\/div>\n\n<p>&nbsp;<\/p>\n<p>&nbsp;<\/p>\n","protected":false},"excerpt":{"rendered":"<p>Can Pobric ist ein rustikales Haus in einer kleinen Stadt namens Ma\u00e7anet de la Selva. Das Haus liegt in einem nat\u00fcrlichen Ort, vollkommen von W\u00e4ldern umgeben. Es wurde 1850 erbaut und 2011 komplett renoviert. Seine Lage ist ideal, um einen&#8230;<br \/><a class=\"read-more-button\" href=\"http:\/\/novaweb.casaruralcanpobric.com\/?lang=de\">Read more<\/a><\/p>\n","protected":false},"author":1,"featured_media":0,"parent":0,"menu_order":0,"comment_status":"closed","ping_status":"closed","template":"template-full-width.php","meta":{"ngg_post_thumbnail":0},"acf":[],"_links":{"self":[{"href":"http:\/\/novaweb.casaruralcanpobric.com\/index.php?rest_route=\/wp\/v2\/pages\/856"}],"collection":[{"href":"http:\/\/novaweb.casaruralcanpobric.com\/index.php?rest_route=\/wp\/v2\/pages"}],"about":[{"href":"http:\/\/novaweb.casaruralcanpobric.com\/index.php?rest_route=\/wp\/v2\/types\/page"}],"author":[{"embeddable":true,"href":"http:\/\/novaweb.casaruralcanpobric.com\/index.php?rest_route=\/wp\/v2\/users\/1"}],"replies":[{"embeddable":true,"href":"http:\/\/novaweb.casaruralcanpobric.com\/index.php?rest_route=%2Fwp%2Fv2%2Fcomments&post=856"}],"version-history":[{"count":8,"href":"http:\/\/novaweb.casaruralcanpobric.com\/index.php?rest_route=\/wp\/v2\/pages\/856\/revisions"}],"predecessor-version":[{"id":1152,"href":"http:\/\/novaweb.casaruralcanpobric.com\/index.php?rest_route=\/wp\/v2\/pages\/856\/revisions\/1152"}],"wp:attachment":[{"href":"http:\/\/novaweb.casaruralcanpobric.com\/index.php?rest_route=%2Fwp%2Fv2%2Fmedia&parent=856"}],"curies":[{"name":"wp","href":"https:\/\/api.w.org\/{rel}","templated":true}]}}