{"id":9,"date":"2017-10-15T10:10:37","date_gmt":"2017-10-15T10:10:37","guid":{"rendered":"http:\/\/novaweb.casaruralcanpobric.com\/?page_id=9"},"modified":"2017-11-14T15:06:14","modified_gmt":"2017-11-14T15:06:14","slug":"situacio","status":"publish","type":"page","link":"http:\/\/novaweb.casaruralcanpobric.com\/?page_id=9","title":{"rendered":"Situaci\u00f3"},"content":{"rendered":"<p><span style=\"font-family: Book Antiqua,Palatino; font-size: 18pt;\">La casa es troba en el poble de Ma\u00e7anet de la Selva, a mig cam\u00ed entre Barcelona i Girona, molt a prop <\/span><\/p>\n<p><span style=\"font-family: Book Antiqua,Palatino; font-size: 18pt;\">de les platges de la Costa Brava. Els pobles m\u00e9s propers a Ma\u00e7anet de la Selva s\u00f3n Sils, Riudarenes i <\/span><\/p>\n<p><span style=\"font-family: Book Antiqua,Palatino; font-size: 18pt;\">Hostalric, la nostra situaci\u00f3 \u00e9s immillorable per gaudi d&#8217;una est\u00e0ncia privilegiada al mig de la natura.<\/span><\/p>\n<p>&nbsp;<\/p>\n<p style=\"text-align: left;\"><span style=\"font-size: 18pt;\"><em><strong><span style=\"font-family: Book Antiqua,Palatino;\">&nbsp; &nbsp; &nbsp; &nbsp; &nbsp; &nbsp; &nbsp; &nbsp; &nbsp; &nbsp; &nbsp; &nbsp; &nbsp; &nbsp; &nbsp; &nbsp; &nbsp; &nbsp; &nbsp; &nbsp; &nbsp; &nbsp; &nbsp; &nbsp; &nbsp; &nbsp; &nbsp; &nbsp; &nbsp; &nbsp; &nbsp; &nbsp; &nbsp; &nbsp; &nbsp; &nbsp; &nbsp; &nbsp; &nbsp; &nbsp; &nbsp;41\u00ba 47\u2019 32.24\u201d N<\/span><\/strong><\/em><\/span><br \/>\n<span style=\"font-size: 18pt;\"><em><strong><span style=\"font-family: Book Antiqua,Palatino;\">&nbsp; &nbsp; &nbsp; &nbsp; &nbsp; &nbsp; &nbsp; &nbsp; &nbsp; &nbsp; &nbsp; &nbsp; &nbsp; &nbsp; &nbsp; &nbsp; &nbsp; &nbsp; &nbsp; &nbsp; &nbsp; &nbsp; &nbsp; &nbsp; &nbsp; &nbsp; &nbsp; &nbsp; &nbsp; &nbsp; &nbsp; &nbsp; &nbsp; &nbsp; &nbsp; &nbsp; &nbsp; &nbsp; &nbsp; &nbsp; &nbsp; 2\u00ba 42\u2019 02.72\u201d E<\/span><\/strong><\/em><\/span><\/p>\n<p>&nbsp;<\/p>\n<p style=\"text-align: center;\"><\/p>\n<p>&nbsp;<\/p>\n","protected":false},"excerpt":{"rendered":"<p>La casa es troba en el poble de Ma\u00e7anet de la Selva, a mig cam\u00ed entre Barcelona i Girona, molt a prop de les platges de la Costa Brava. Els pobles m\u00e9s propers a Ma\u00e7anet de la Selva s\u00f3n Sils,&#8230;<br \/><a class=\"read-more-button\" href=\"http:\/\/novaweb.casaruralcanpobric.com\/?page_id=9\">Read more<\/a><\/p>\n","protected":false},"author":1,"featured_media":0,"parent":0,"menu_order":0,"comment_status":"closed","ping_status":"closed","template":"template-full-width.php","meta":{"ngg_post_thumbnail":0},"acf":[],"_links":{"self":[{"href":"http:\/\/novaweb.casaruralcanpobric.com\/index.php?rest_route=\/wp\/v2\/pages\/9"}],"collection":[{"href":"http:\/\/novaweb.casaruralcanpobric.com\/index.php?rest_route=\/wp\/v2\/pages"}],"about":[{"href":"http:\/\/novaweb.casaruralcanpobric.com\/index.php?rest_route=\/wp\/v2\/types\/page"}],"author":[{"embeddable":true,"href":"http:\/\/novaweb.casaruralcanpobric.com\/index.php?rest_route=\/wp\/v2\/users\/1"}],"replies":[{"embeddable":true,"href":"http:\/\/novaweb.casaruralcanpobric.com\/index.php?rest_route=%2Fwp%2Fv2%2Fcomments&post=9"}],"version-history":[{"count":22,"href":"http:\/\/novaweb.casaruralcanpobric.com\/index.php?rest_route=\/wp\/v2\/pages\/9\/revisions"}],"predecessor-version":[{"id":949,"href":"http:\/\/novaweb.casaruralcanpobric.com\/index.php?rest_route=\/wp\/v2\/pages\/9\/revisions\/949"}],"wp:attachment":[{"href":"http:\/\/novaweb.casaruralcanpobric.com\/index.php?rest_route=%2Fwp%2Fv2%2Fmedia&parent=9"}],"curies":[{"name":"wp","href":"https:\/\/api.w.org\/{rel}","templated":true}]}}